{"id":2,"date":"2020-09-07T18:20:19","date_gmt":"2020-09-07T18:20:19","guid":{"rendered":"https:\/\/penzion-frydstejn.cz\/?page_id=2"},"modified":"2024-06-19T13:29:36","modified_gmt":"2024-06-19T13:29:36","slug":"sample-page","status":"publish","type":"page","link":"https:\/\/penzion-frydstejn.cz\/","title":{"rendered":"\u00davod"},"content":{"rendered":"\n<div class=\"wp-block-columns is-not-stacked-on-mobile is-layout-flex wp-container-core-columns-is-layout-9d6595d7 wp-block-columns-is-layout-flex\">\n<div class=\"wp-block-column is-vertically-aligned-stretch is-layout-flow wp-block-column-is-layout-flow\" style=\"flex-basis:100%\">\n<figure class=\"wp-block-gallery has-nested-images columns-2 is-cropped wp-block-gallery-2 is-layout-flex wp-block-gallery-is-layout-flex\">\n<figure class=\"wp-block-image size-large is-style-default wp-duotone-unset-1\"><img loading=\"lazy\" decoding=\"async\" width=\"768\" height=\"1024\" data-id=\"233\" src=\"https:\/\/penzion-frydstejn.cz\/wp-content\/uploads\/2024\/06\/IMG_7960-2-768x1024.jpg\" alt=\"\" class=\"wp-image-233\" srcset=\"https:\/\/penzion-frydstejn.cz\/wp-content\/uploads\/2024\/06\/IMG_7960-2-768x1024.jpg 768w, https:\/\/penzion-frydstejn.cz\/wp-content\/uploads\/2024\/06\/IMG_7960-2-225x300.jpg 225w, https:\/\/penzion-frydstejn.cz\/wp-content\/uploads\/2024\/06\/IMG_7960-2-1152x1536.jpg 1152w, https:\/\/penzion-frydstejn.cz\/wp-content\/uploads\/2024\/06\/IMG_7960-2-1536x2048.jpg 1536w, https:\/\/penzion-frydstejn.cz\/wp-content\/uploads\/2024\/06\/IMG_7960-2-scaled.jpg 1920w\" sizes=\"auto, (max-width: 768px) 100vw, 768px\" \/><figcaption class=\"wp-element-caption\"><strong>Vila Fr\u00fdd\u0161tejn je v <\/strong><strong>t\u011bsn\u00e9 bl\u00edzkosti hradu Fr\u00fdd\u0161tejn<\/strong><\/figcaption><\/figure>\n\n\n\n<figure class=\"wp-block-image size-large\"><img loading=\"lazy\" decoding=\"async\" width=\"768\" height=\"1024\" data-id=\"274\" src=\"https:\/\/penzion-frydstejn.cz\/wp-content\/uploads\/2024\/06\/IMG_7924-1-768x1024.jpg\" alt=\"\" class=\"wp-image-274\" srcset=\"https:\/\/penzion-frydstejn.cz\/wp-content\/uploads\/2024\/06\/IMG_7924-1-768x1024.jpg 768w, https:\/\/penzion-frydstejn.cz\/wp-content\/uploads\/2024\/06\/IMG_7924-1-225x300.jpg 225w, https:\/\/penzion-frydstejn.cz\/wp-content\/uploads\/2024\/06\/IMG_7924-1-1152x1536.jpg 1152w, https:\/\/penzion-frydstejn.cz\/wp-content\/uploads\/2024\/06\/IMG_7924-1-1536x2048.jpg 1536w, https:\/\/penzion-frydstejn.cz\/wp-content\/uploads\/2024\/06\/IMG_7924-1-scaled.jpg 1920w\" sizes=\"auto, (max-width: 768px) 100vw, 768px\" \/><figcaption class=\"wp-element-caption\"><strong><mark style=\"background-color:rgba(0, 0, 0, 0)\" class=\"has-inline-color has-white-color\">V\u00fdhled na malebnou z\u0159\u00edceninu hradu Fr\u00fdd\u0161tejn<\/mark><\/strong><\/figcaption><\/figure>\n<\/figure>\n<\/div>\n<\/div>\n\n\n\n<p>Penzion Vila Fr\u00fdd\u0161tejn poskytuje pohodln\u00e9 ubytov\u00e1n\u00ed v \u00fatuln\u00fdch apartm\u00e1nech pro 2 a\u017e 4 osoby. Ka\u017ed\u00fd apartm\u00e1n je vybaven vlastn\u00ed kuchy\u0148kou a soci\u00e1ln\u00edm za\u0159\u00edzen\u00edm, poskytuj\u00edc\u00ed komfort a soukrom\u00ed.<\/p>\n\n\n\n<p>Ceny za ubytov\u00e1n\u00ed jsou velmi p\u0159\u00edv\u011btiv\u00e9, za\u010d\u00ednaj\u00ed ji\u017e od 500 K\u010d za noc. <\/p>\n\n\n\n<p>K dispozici maj\u00ed host\u00e9 bezplatn\u00e9 WiFi pokr\u00fdvaj\u00edc\u00ed cel\u00fd objekt, a pro zaji\u0161t\u011bn\u00ed zdrav\u00e9ho a \u010dist\u00e9ho prost\u0159ed\u00ed je cel\u00fd penzion neku\u0159\u00e1ck\u00fd.<\/p>\n\n\n\n<figure class=\"wp-block-gallery has-nested-images columns-3 is-cropped wp-block-gallery-3 is-layout-flex wp-block-gallery-is-layout-flex\">\n<figure class=\"wp-block-image size-large\"><img loading=\"lazy\" decoding=\"async\" width=\"768\" height=\"1024\" data-id=\"310\" src=\"https:\/\/penzion-frydstejn.cz\/wp-content\/uploads\/2024\/06\/IMG_7874-2-768x1024.jpg\" alt=\"\" class=\"wp-image-310\" srcset=\"https:\/\/penzion-frydstejn.cz\/wp-content\/uploads\/2024\/06\/IMG_7874-2-768x1024.jpg 768w, https:\/\/penzion-frydstejn.cz\/wp-content\/uploads\/2024\/06\/IMG_7874-2-225x300.jpg 225w, https:\/\/penzion-frydstejn.cz\/wp-content\/uploads\/2024\/06\/IMG_7874-2-1152x1536.jpg 1152w, https:\/\/penzion-frydstejn.cz\/wp-content\/uploads\/2024\/06\/IMG_7874-2-1536x2048.jpg 1536w, https:\/\/penzion-frydstejn.cz\/wp-content\/uploads\/2024\/06\/IMG_7874-2-scaled.jpg 1920w\" sizes=\"auto, (max-width: 768px) 100vw, 768px\" \/><\/figure>\n\n\n\n<figure class=\"wp-block-image size-large\"><img loading=\"lazy\" decoding=\"async\" width=\"768\" height=\"1024\" data-id=\"305\" src=\"https:\/\/penzion-frydstejn.cz\/wp-content\/uploads\/2024\/06\/IMG_7865-1-768x1024.jpg\" alt=\"\" class=\"wp-image-305\" srcset=\"https:\/\/penzion-frydstejn.cz\/wp-content\/uploads\/2024\/06\/IMG_7865-1-768x1024.jpg 768w, https:\/\/penzion-frydstejn.cz\/wp-content\/uploads\/2024\/06\/IMG_7865-1-225x300.jpg 225w, https:\/\/penzion-frydstejn.cz\/wp-content\/uploads\/2024\/06\/IMG_7865-1-1152x1536.jpg 1152w, https:\/\/penzion-frydstejn.cz\/wp-content\/uploads\/2024\/06\/IMG_7865-1-1536x2048.jpg 1536w, https:\/\/penzion-frydstejn.cz\/wp-content\/uploads\/2024\/06\/IMG_7865-1-scaled.jpg 1920w\" sizes=\"auto, (max-width: 768px) 100vw, 768px\" \/><\/figure>\n\n\n\n<figure class=\"wp-block-image size-large\"><img loading=\"lazy\" decoding=\"async\" width=\"768\" height=\"1024\" data-id=\"306\" src=\"https:\/\/penzion-frydstejn.cz\/wp-content\/uploads\/2024\/06\/IMG_7893-3-768x1024.jpg\" alt=\"\" class=\"wp-image-306\" srcset=\"https:\/\/penzion-frydstejn.cz\/wp-content\/uploads\/2024\/06\/IMG_7893-3-768x1024.jpg 768w, https:\/\/penzion-frydstejn.cz\/wp-content\/uploads\/2024\/06\/IMG_7893-3-225x300.jpg 225w, https:\/\/penzion-frydstejn.cz\/wp-content\/uploads\/2024\/06\/IMG_7893-3-1152x1536.jpg 1152w, https:\/\/penzion-frydstejn.cz\/wp-content\/uploads\/2024\/06\/IMG_7893-3-1536x2048.jpg 1536w, https:\/\/penzion-frydstejn.cz\/wp-content\/uploads\/2024\/06\/IMG_7893-3-scaled.jpg 1920w\" sizes=\"auto, (max-width: 768px) 100vw, 768px\" \/><\/figure>\n<\/figure>\n\n\n\n<p>V na\u0161em penzionu Vila Fr\u00fdd\u0161tejn si m\u016f\u017eete vychutnat osv\u011b\u017een\u00ed v p\u0159\u00edjemn\u00e9m prost\u0159ed\u00ed na\u0161\u00ed zahrady.<\/p>\n\n\n\n<p>Nab\u00edz\u00edme \u0161irok\u00fd v\u00fdb\u011br n\u00e1poj\u016f, v\u010detn\u011b to\u010den\u00e9ho piva Rohozec a osv\u011b\u017euj\u00edc\u00ed malinovky. Bufet nab\u00edz\u00ed pol\u00e9vky a tepl\u00e1 j\u00eddla, grilovan\u00e9 maso \u010di sma\u017een\u00e9, klob\u00e1sy a p\u00e1rky, a pro milovn\u00edky sladk\u00e9ho m\u00e1me p\u0159ipraveny dom\u00e1c\u00ed kol\u00e1\u010de.<\/p>\n\n\n\n<figure class=\"wp-block-gallery has-nested-images columns-default is-cropped wp-block-gallery-4 is-layout-flex wp-block-gallery-is-layout-flex\">\n<figure class=\"wp-block-image size-large\"><img loading=\"lazy\" decoding=\"async\" width=\"544\" height=\"1020\" data-id=\"297\" src=\"https:\/\/penzion-frydstejn.cz\/wp-content\/uploads\/2024\/06\/rohozec.jpg\" alt=\"\" class=\"wp-image-297\" srcset=\"https:\/\/penzion-frydstejn.cz\/wp-content\/uploads\/2024\/06\/rohozec.jpg 544w, https:\/\/penzion-frydstejn.cz\/wp-content\/uploads\/2024\/06\/rohozec-160x300.jpg 160w\" sizes=\"auto, (max-width: 544px) 100vw, 544px\" \/><\/figure>\n\n\n\n<figure class=\"wp-block-image size-large\"><img loading=\"lazy\" decoding=\"async\" width=\"1024\" height=\"768\" data-id=\"299\" src=\"https:\/\/penzion-frydstejn.cz\/wp-content\/uploads\/2024\/06\/polevka-1024x768.jpg\" alt=\"\" class=\"wp-image-299\" srcset=\"https:\/\/penzion-frydstejn.cz\/wp-content\/uploads\/2024\/06\/polevka-1024x768.jpg 1024w, https:\/\/penzion-frydstejn.cz\/wp-content\/uploads\/2024\/06\/polevka-300x225.jpg 300w, https:\/\/penzion-frydstejn.cz\/wp-content\/uploads\/2024\/06\/polevka-768x576.jpg 768w, https:\/\/penzion-frydstejn.cz\/wp-content\/uploads\/2024\/06\/polevka.jpg 1360w\" sizes=\"auto, (max-width: 1024px) 100vw, 1024px\" \/><\/figure>\n\n\n\n<figure class=\"wp-block-image size-large\"><img loading=\"lazy\" decoding=\"async\" width=\"541\" height=\"820\" data-id=\"300\" src=\"https:\/\/penzion-frydstejn.cz\/wp-content\/uploads\/2024\/06\/ledova-kava.jpg\" alt=\"\" class=\"wp-image-300\" srcset=\"https:\/\/penzion-frydstejn.cz\/wp-content\/uploads\/2024\/06\/ledova-kava.jpg 541w, https:\/\/penzion-frydstejn.cz\/wp-content\/uploads\/2024\/06\/ledova-kava-198x300.jpg 198w\" sizes=\"auto, (max-width: 541px) 100vw, 541px\" \/><\/figure>\n\n\n\n<figure class=\"wp-block-image size-large\"><img loading=\"lazy\" decoding=\"async\" width=\"1024\" height=\"576\" data-id=\"304\" src=\"https:\/\/penzion-frydstejn.cz\/wp-content\/uploads\/2024\/06\/jidlo-1024x576.jpg\" alt=\"\" class=\"wp-image-304\" srcset=\"https:\/\/penzion-frydstejn.cz\/wp-content\/uploads\/2024\/06\/jidlo-1024x576.jpg 1024w, https:\/\/penzion-frydstejn.cz\/wp-content\/uploads\/2024\/06\/jidlo-300x169.jpg 300w, https:\/\/penzion-frydstejn.cz\/wp-content\/uploads\/2024\/06\/jidlo-768x432.jpg 768w, https:\/\/penzion-frydstejn.cz\/wp-content\/uploads\/2024\/06\/jidlo.jpg 1360w\" sizes=\"auto, (max-width: 1024px) 100vw, 1024px\" \/><\/figure>\n\n\n\n<figure class=\"wp-block-image size-large\"><img loading=\"lazy\" decoding=\"async\" width=\"1024\" height=\"576\" data-id=\"298\" src=\"https:\/\/penzion-frydstejn.cz\/wp-content\/uploads\/2024\/06\/strudl-1024x576.jpg\" alt=\"\" class=\"wp-image-298\" srcset=\"https:\/\/penzion-frydstejn.cz\/wp-content\/uploads\/2024\/06\/strudl-1024x576.jpg 1024w, https:\/\/penzion-frydstejn.cz\/wp-content\/uploads\/2024\/06\/strudl-300x169.jpg 300w, https:\/\/penzion-frydstejn.cz\/wp-content\/uploads\/2024\/06\/strudl-768x432.jpg 768w, https:\/\/penzion-frydstejn.cz\/wp-content\/uploads\/2024\/06\/strudl.jpg 1360w\" sizes=\"auto, (max-width: 1024px) 100vw, 1024px\" \/><\/figure>\n<\/figure>\n\n\n\n<p>Pro na\u0161e hosty je p\u0159ipraveno&nbsp;venkovn\u00ed posezen\u00ed s grilem, kde si mohou v klidu u\u017e\u00edt tepl\u00e9 letn\u00ed ve\u010dery.<\/p>\n\n\n\n<p>Na&nbsp;Fr\u00fdd\u0161tejn\u011b&nbsp;na v\u00e1s \u010dek\u00e1 p\u011bkn\u00e9 koupali\u0161t\u011b, m\u00edstn\u00ed obchod, snadno dostupn\u00e1 autobusov\u00e1 zast\u00e1vka, a pro milovn\u00edky sportu i&nbsp;v\u00edce\u00fa\u010delov\u00e9 h\u0159i\u0161t\u011b&nbsp;a&nbsp;tenisov\u00e9 kurty.<\/p>\n\n\n\n<p>Prozkoumejte \u010cesk\u00fd r\u00e1j na kolob\u011b\u017ece!&nbsp;Nab\u00edz\u00edme&nbsp;mo\u017enost zap\u016fj\u010den\u00ed kolob\u011b\u017eek, tak\u017ee si m\u016f\u017eete vychutnat kr\u00e1sy regionu zcela nov\u00fdm a z\u00e1bavn\u00fdm zp\u016fsobem. Ide\u00e1ln\u00ed pro rodinn\u00e9 v\u00fdlety nebo pro ty, kte\u0159\u00ed hledaj\u00ed trochu dobrodru\u017estv\u00ed.<\/p>\n\n\n\n<figure class=\"wp-block-gallery has-nested-images columns-2 is-cropped wp-block-gallery-5 is-layout-flex wp-block-gallery-is-layout-flex\">\n<figure class=\"wp-block-image size-large\"><img loading=\"lazy\" decoding=\"async\" width=\"768\" height=\"1024\" data-id=\"308\" src=\"https:\/\/penzion-frydstejn.cz\/wp-content\/uploads\/2024\/06\/IMG_7938-2-768x1024.jpg\" alt=\"\" class=\"wp-image-308\" srcset=\"https:\/\/penzion-frydstejn.cz\/wp-content\/uploads\/2024\/06\/IMG_7938-2-768x1024.jpg 768w, https:\/\/penzion-frydstejn.cz\/wp-content\/uploads\/2024\/06\/IMG_7938-2-225x300.jpg 225w, https:\/\/penzion-frydstejn.cz\/wp-content\/uploads\/2024\/06\/IMG_7938-2-1152x1536.jpg 1152w, https:\/\/penzion-frydstejn.cz\/wp-content\/uploads\/2024\/06\/IMG_7938-2-1536x2048.jpg 1536w, https:\/\/penzion-frydstejn.cz\/wp-content\/uploads\/2024\/06\/IMG_7938-2-scaled.jpg 1920w\" sizes=\"auto, (max-width: 768px) 100vw, 768px\" \/><\/figure>\n\n\n\n<figure class=\"wp-block-image size-large\"><img loading=\"lazy\" decoding=\"async\" width=\"768\" height=\"1024\" data-id=\"303\" src=\"https:\/\/penzion-frydstejn.cz\/wp-content\/uploads\/2024\/06\/IMG_E7946-768x1024.jpg\" alt=\"\" class=\"wp-image-303\" srcset=\"https:\/\/penzion-frydstejn.cz\/wp-content\/uploads\/2024\/06\/IMG_E7946-768x1024.jpg 768w, https:\/\/penzion-frydstejn.cz\/wp-content\/uploads\/2024\/06\/IMG_E7946-225x300.jpg 225w, https:\/\/penzion-frydstejn.cz\/wp-content\/uploads\/2024\/06\/IMG_E7946-1152x1536.jpg 1152w, https:\/\/penzion-frydstejn.cz\/wp-content\/uploads\/2024\/06\/IMG_E7946-1536x2048.jpg 1536w, https:\/\/penzion-frydstejn.cz\/wp-content\/uploads\/2024\/06\/IMG_E7946-scaled.jpg 1920w\" sizes=\"auto, (max-width: 768px) 100vw, 768px\" \/><\/figure>\n\n\n\n<figure class=\"wp-block-image size-large\"><img loading=\"lazy\" decoding=\"async\" width=\"768\" height=\"1024\" data-id=\"302\" src=\"https:\/\/penzion-frydstejn.cz\/wp-content\/uploads\/2024\/06\/koupaliste-frydstejn-768x1024.jpg\" alt=\"\" class=\"wp-image-302\" srcset=\"https:\/\/penzion-frydstejn.cz\/wp-content\/uploads\/2024\/06\/koupaliste-frydstejn-768x1025.jpg 768w, https:\/\/penzion-frydstejn.cz\/wp-content\/uploads\/2024\/06\/koupaliste-frydstejn-225x300.jpg 225w, https:\/\/penzion-frydstejn.cz\/wp-content\/uploads\/2024\/06\/koupaliste-frydstejn-1151x1536.jpg 1151w, https:\/\/penzion-frydstejn.cz\/wp-content\/uploads\/2024\/06\/koupaliste-frydstejn-1535x2048.jpg 1535w, https:\/\/penzion-frydstejn.cz\/wp-content\/uploads\/2024\/06\/koupaliste-frydstejn.jpg 1649w\" sizes=\"auto, (max-width: 768px) 100vw, 768px\" \/><\/figure>\n\n\n\n<figure class=\"wp-block-image size-large\"><img loading=\"lazy\" decoding=\"async\" width=\"1024\" height=\"683\" data-id=\"333\" src=\"https:\/\/penzion-frydstejn.cz\/wp-content\/uploads\/2024\/06\/kolobezky-1024x683.jpg\" alt=\"\" class=\"wp-image-333\" srcset=\"https:\/\/penzion-frydstejn.cz\/wp-content\/uploads\/2024\/06\/kolobezky-1024x683.jpg 1024w, https:\/\/penzion-frydstejn.cz\/wp-content\/uploads\/2024\/06\/kolobezky-300x200.jpg 300w, https:\/\/penzion-frydstejn.cz\/wp-content\/uploads\/2024\/06\/kolobezky-768x512.jpg 768w, https:\/\/penzion-frydstejn.cz\/wp-content\/uploads\/2024\/06\/kolobezky.jpg 1080w\" sizes=\"auto, (max-width: 1024px) 100vw, 1024px\" \/><\/figure>\n<\/figure>\n\n\n\n<p>Penzion Vila Fr\u00fdd\u0161tejn se nach\u00e1z\u00ed v kr\u00e1sn\u00e9 oblasti \u010cesk\u00e9ho r\u00e1je nedaleko historick\u00e9ho hradu Fr\u00fdd\u0161tejn a je situov\u00e1n pouh\u00e9 2 km od Mal\u00e9 Skaly, co\u017e je zn\u00e1m\u00e1 turistick\u00e1 destinace. Pro hosty, kte\u0159\u00ed cestuj\u00ed z v\u011bt\u0161\u00edch m\u011bst, nab\u00edz\u00ed penzion Vila Fr\u00fdd\u0161tejn ide\u00e1ln\u00ed \u00fato\u010di\u0161t\u011b bl\u00edzko p\u0159\u00edrodn\u00edch kr\u00e1s \u010cesk\u00e9ho r\u00e1je, a z\u00e1rove\u0148 udr\u017euje dobrou dostupnost k urbanizovan\u00fdm oblastem.<\/p>\n\n\n\n<figure class=\"wp-block-gallery has-nested-images columns-default is-cropped wp-block-gallery-6 is-layout-flex wp-block-gallery-is-layout-flex\">\n<figure class=\"wp-block-image size-large\"><img loading=\"lazy\" decoding=\"async\" width=\"1000\" height=\"667\" data-id=\"323\" src=\"https:\/\/penzion-frydstejn.cz\/wp-content\/uploads\/2024\/06\/vranov.jpg\" alt=\"\" class=\"wp-image-323\" srcset=\"https:\/\/penzion-frydstejn.cz\/wp-content\/uploads\/2024\/06\/vranov.jpg 1000w, https:\/\/penzion-frydstejn.cz\/wp-content\/uploads\/2024\/06\/vranov-300x200.jpg 300w, https:\/\/penzion-frydstejn.cz\/wp-content\/uploads\/2024\/06\/vranov-768x512.jpg 768w\" sizes=\"auto, (max-width: 1000px) 100vw, 1000px\" \/><figcaption class=\"wp-element-caption\">Skaln\u00ed hrad Vranov<\/figcaption><\/figure>\n\n\n\n<figure class=\"wp-block-image size-large\"><img loading=\"lazy\" decoding=\"async\" width=\"640\" height=\"427\" data-id=\"322\" src=\"https:\/\/penzion-frydstejn.cz\/wp-content\/uploads\/2024\/06\/suche-skaly.webp\" alt=\"\" class=\"wp-image-322\" srcset=\"https:\/\/penzion-frydstejn.cz\/wp-content\/uploads\/2024\/06\/suche-skaly.webp 640w, https:\/\/penzion-frydstejn.cz\/wp-content\/uploads\/2024\/06\/suche-skaly-300x200.webp 300w\" sizes=\"auto, (max-width: 640px) 100vw, 640px\" \/><figcaption class=\"wp-element-caption\">Such\u00e9 sk\u00e1ly<\/figcaption><\/figure>\n\n\n\n<figure class=\"wp-block-image size-large\"><img loading=\"lazy\" decoding=\"async\" width=\"1024\" height=\"640\" data-id=\"324\" src=\"https:\/\/penzion-frydstejn.cz\/wp-content\/uploads\/2024\/06\/trosky-1024x640.jpg\" alt=\"\" class=\"wp-image-324\" srcset=\"https:\/\/penzion-frydstejn.cz\/wp-content\/uploads\/2024\/06\/trosky-1024x640.jpg 1024w, https:\/\/penzion-frydstejn.cz\/wp-content\/uploads\/2024\/06\/trosky-300x188.jpg 300w, https:\/\/penzion-frydstejn.cz\/wp-content\/uploads\/2024\/06\/trosky-768x480.jpg 768w, https:\/\/penzion-frydstejn.cz\/wp-content\/uploads\/2024\/06\/trosky-1536x960.jpg 1536w, https:\/\/penzion-frydstejn.cz\/wp-content\/uploads\/2024\/06\/trosky.jpg 1800w\" sizes=\"auto, (max-width: 1024px) 100vw, 1024px\" \/><figcaption class=\"wp-element-caption\">Hrad Trosky<\/figcaption><\/figure>\n<\/figure>\n\n\n\n<iframe src=\"https:\/\/www.google.com\/maps\/embed?pb=!1m14!1m8!1m3!1d323818.5452654646!2d15.165238999999998!3d50.648804!3m2!1i1024!2i768!4f13.1!3m3!1m2!1s0x470eb4fd5bdd22a5%3A0xe921f53706e8f89c!2zUGVuemlvbiBWaWxhIEZyw71kxaF0ZWpuIHwgT2LEjWVyc3R2ZW7DrQ!5e0!3m2!1scs!2sus!4v1718787094187!5m2!1scs!2sus\" width=\"1050\" height=\"600\" style=\"border:0;\" allowfullscreen=\"\" loading=\"lazy\" referrerpolicy=\"no-referrer-when-downgrade\"><\/iframe>\n","protected":false},"excerpt":{"rendered":"<p>Penzion Vila Fr\u00fdd\u0161tejn poskytuje pohodln\u00e9 ubytov\u00e1n\u00ed v \u00fatuln\u00fdch apartm\u00e1nech pro 2 a\u017e 4 osoby. Ka\u017ed\u00fd &#8230; <\/p>\n<div class=\"text-center\"><a class=\"theme-btn\" href=\"https:\/\/penzion-frydstejn.cz\/\">Read More<\/a><\/div>\n","protected":false},"author":1,"featured_media":0,"parent":0,"menu_order":0,"comment_status":"closed","ping_status":"open","template":"","meta":{"footnotes":""},"class_list":["post-2","page","type-page","status-publish","hentry"],"_links":{"self":[{"href":"https:\/\/penzion-frydstejn.cz\/index.php\/wp-json\/wp\/v2\/pages\/2","targetHints":{"allow":["GET"]}}],"collection":[{"href":"https:\/\/penzion-frydstejn.cz\/index.php\/wp-json\/wp\/v2\/pages"}],"about":[{"href":"https:\/\/penzion-frydstejn.cz\/index.php\/wp-json\/wp\/v2\/types\/page"}],"author":[{"embeddable":true,"href":"https:\/\/penzion-frydstejn.cz\/index.php\/wp-json\/wp\/v2\/users\/1"}],"replies":[{"embeddable":true,"href":"https:\/\/penzion-frydstejn.cz\/index.php\/wp-json\/wp\/v2\/comments?post=2"}],"version-history":[{"count":47,"href":"https:\/\/penzion-frydstejn.cz\/index.php\/wp-json\/wp\/v2\/pages\/2\/revisions"}],"predecessor-version":[{"id":346,"href":"https:\/\/penzion-frydstejn.cz\/index.php\/wp-json\/wp\/v2\/pages\/2\/revisions\/346"}],"wp:attachment":[{"href":"https:\/\/penzion-frydstejn.cz\/index.php\/wp-json\/wp\/v2\/media?parent=2"}],"curies":[{"name":"wp","href":"https:\/\/api.w.org\/{rel}","templated":true}]}}